{"id":65,"date":"2022-01-09T19:38:09","date_gmt":"2022-01-09T19:38:09","guid":{"rendered":"https:\/\/software.pianojoe.de\/de\/?page_id=65"},"modified":"2022-01-31T09:34:01","modified_gmt":"2022-01-31T09:34:01","slug":"homepeek-the-manual","status":"publish","type":"page","link":"https:\/\/software.pianojoe.de\/de\/homepeek-the-manual\/","title":{"rendered":"HomePeek \u2014 Die Bedienungsanleitung"},"content":{"rendered":"\n<p class=\"reflow smallimg\"><img loading=\"lazy\" decoding=\"async\" width=\"150\" height=\"150\" class=\"wp-image-25\" style=\"width: 150px;\" src=\"https:\/\/software.pianojoe.de\/de\/wp-content\/uploads\/sites\/4\/2022\/01\/HomePeek-App-Icon.png\" alt=\"\" srcset=\"https:\/\/software.pianojoe.de\/de\/wp-content\/uploads\/sites\/4\/2022\/01\/HomePeek-App-Icon.png 1444w, https:\/\/software.pianojoe.de\/de\/wp-content\/uploads\/sites\/4\/2022\/01\/HomePeek-App-Icon-300x300.png 300w, https:\/\/software.pianojoe.de\/de\/wp-content\/uploads\/sites\/4\/2022\/01\/HomePeek-App-Icon-1024x1024.png 1024w, https:\/\/software.pianojoe.de\/de\/wp-content\/uploads\/sites\/4\/2022\/01\/HomePeek-App-Icon-150x150.png 150w, https:\/\/software.pianojoe.de\/de\/wp-content\/uploads\/sites\/4\/2022\/01\/HomePeek-App-Icon-768x768.png 768w\" sizes=\"auto, (max-width: 150px) 100vw, 150px\" \/><\/p>\n\n\n\n<p class=\"reflow smallimg\">Version 1.0.1 erh\u00e4ltlich f\u00fcr iPhone und iPad (iOS 15.2 oder h\u00f6her)<\/p>\n\n\n\n<figure class=\"wp-block-image size-full is-resized is-style-default\"><a href=\"https:\/\/apps.apple.com\/de\/app\/homepeek\/id1604015254\"><img loading=\"lazy\" decoding=\"async\" src=\"https:\/\/software.pianojoe.de\/wp-content\/uploads\/2022\/01\/Download_on_the_App_Store_Badge_US-UK_blk_092917.png\" alt=\"Download on the App Store\" class=\"wp-image-205\" width=\"120\" height=\"40\"\/><\/a><\/figure>\n\n\n\n<h2 class=\"wp-block-heading\" id=\"zusammenfassung\">Zusammenfassung<\/h2>\n\n\n\n<p>Homepeek ist eine kleine App, mit der Du nachschauen und protokollieren kannst, was in Deiner Smart-Home-Umgebung vor sich geht (solange sie \u00fcber Apple Homekit integriert ist). Gewinne neue Einsichten \u00fcber Deine Ger\u00e4te. Exportiere Log-Daten. Finde Problem-Ursachen, lerne und optimiere.<\/p>\n\n\n\n<h2 class=\"wp-block-heading\" id=\"los-geht-s\">Los geht\u2019s!<\/h2>\n\n\n\n<figure class=\"wp-block-image size-medium iphone rightFlow\"><a href=\"https:\/\/software.pianojoe.de\/de\/wp-content\/uploads\/sites\/4\/2022\/01\/HomePeek-Main-Screen.png\"><img loading=\"lazy\" decoding=\"async\" width=\"169\" height=\"300\" src=\"https:\/\/software.pianojoe.de\/de\/wp-content\/uploads\/sites\/4\/2022\/01\/HomePeek-Main-Screen-169x300.png\" alt=\"\" class=\"wp-image-78\" srcset=\"https:\/\/software.pianojoe.de\/de\/wp-content\/uploads\/sites\/4\/2022\/01\/HomePeek-Main-Screen-169x300.png 169w, https:\/\/software.pianojoe.de\/de\/wp-content\/uploads\/sites\/4\/2022\/01\/HomePeek-Main-Screen-576x1024.png 576w, https:\/\/software.pianojoe.de\/de\/wp-content\/uploads\/sites\/4\/2022\/01\/HomePeek-Main-Screen-768x1365.png 768w, https:\/\/software.pianojoe.de\/de\/wp-content\/uploads\/sites\/4\/2022\/01\/HomePeek-Main-Screen-864x1536.png 864w, https:\/\/software.pianojoe.de\/de\/wp-content\/uploads\/sites\/4\/2022\/01\/HomePeek-Main-Screen-1152x2048.png 1152w, https:\/\/software.pianojoe.de\/de\/wp-content\/uploads\/sites\/4\/2022\/01\/HomePeek-Main-Screen.png 1242w\" sizes=\"auto, (max-width: 169px) 100vw, 169px\" \/><\/a><\/figure>\n\n\n\n<p>Nachdem Du ihr Zugriff auf Dein Homekit-basiertes Smart-Home gew\u00e4hrt hast, zeigt die App alle <em>Ereignisse<\/em> an, die \u00fcber Homekit kommuniziert werden. Das k\u00f6nnen Zustandsberichte Deiner Ger\u00e4te sein, wie eine Heizung, die \u00fcber die Ver\u00e4nderung der Raum-Temperatur informiert, oder von Dir initiierte Vorg\u00e4nge wie das Einschalten einer Lampe (siehe Bild rechts).<\/p>\n\n\n\n<p>HomePeek versucht die Sensoren und Messwerte Deiner Smart-Home-Ger\u00e4te zu interpretieren. Die App wurde mit Ger\u00e4ten vieler Marken ausprobiert, kann aber nicht jede Absonderlichkeit erahnen. Wenn Deine Heizung die Temperatur in Celsius oder Fahrenheit meldet: gut! Wenn sie sie in englischen Pfund, japanischen Yen oder Kubikfu\u00df angibt, wird man etwas Phantasie brauchen, um die Angaben zu verstehen. \ud83d\ude09<\/p>\n\n\n\n<h3 class=\"wp-block-heading\" id=\"steuerelemente\">Steuerelemente<\/h3>\n\n\n\n<figure class=\"wp-block-image size-medium rightFlow\"><img loading=\"lazy\" decoding=\"async\" width=\"300\" height=\"67\" src=\"https:\/\/software.pianojoe.de\/de\/wp-content\/uploads\/sites\/4\/2022\/01\/Play-Button-Section-300x67.png\" alt=\"\" class=\"wp-image-90\" srcset=\"https:\/\/software.pianojoe.de\/de\/wp-content\/uploads\/sites\/4\/2022\/01\/Play-Button-Section-300x67.png 300w, https:\/\/software.pianojoe.de\/de\/wp-content\/uploads\/sites\/4\/2022\/01\/Play-Button-Section.png 627w\" sizes=\"auto, (max-width: 300px) 100vw, 300px\" \/><\/figure>\n\n\n\n<p>Die Anzeige l\u00e4uft st\u00e4ndig weiter. Das ist nicht immer praktisch: Vielleicht will man ja in der Zeit zur\u00fcckreisen, um vorhergehende Logbuch-Eintr\u00e4ge zu studieren. Du kannst die Anzeige anhalten. (Dazu dienen die Kassettenrekorder-\u00e4hnlichen Steuerelemente am unteren Bildschirmrand. Dr\u00fcck einfach auf \u201ePause\u201c.) \u201ePause\u201c bewirkt, dass neue Ereignisse aufgezeichnet werden, ihre Anzeige aber zur\u00fcckgehalten wird, bis Du wieder auf \u201eAbspielen\u201c dr\u00fcckst. Wenn Du hingegen die Stopptaste benutzt, wird nichts aufgezeichnet.<\/p>\n\n\n\n<h3 class=\"wp-block-heading\" id=\"exportieren\">Exportieren<\/h3>\n\n\n\n<figure class=\"wp-block-image size-full rightFlow\"><img loading=\"lazy\" decoding=\"async\" width=\"35\" height=\"47\" src=\"https:\/\/software.pianojoe.de\/de\/wp-content\/uploads\/sites\/4\/2022\/01\/square.and_.arrow_.up@2x.png\" alt=\"\" class=\"wp-image-97\"\/><\/figure>\n\n\n\n<p>Du kannst das Logbuch exportieren, indem Du die standardisierte \u201eShare\u201c-Schaltfl\u00e4che benutzt. Verschicke das Logbuch per E-Mail, speichere es als Datei, drucke es aus etc.<\/p>\n\n\n\n<h2 class=\"wp-block-heading\" id=\"darstellung-von-details\">Darstellung von Details<\/h2>\n\n\n\n<figure class=\"wp-block-image size-full rightFlow\"><img loading=\"lazy\" decoding=\"async\" width=\"40\" height=\"40\" src=\"https:\/\/software.pianojoe.de\/de\/wp-content\/uploads\/sites\/4\/2022\/01\/info.circle@2x.png\" alt=\"\" class=\"wp-image-104\"\/><\/figure>\n\n\n\n<p>Du kannst einen detaillierten Blick auf Dein Homekit-Netz werfen, indem Du auf die Info-Schaltfl\u00e4che tippst. Dies f\u00fchrt Dich zu einer Liste Deiner R\u00e4ume. W\u00e4hle einen aus, um Dir die Ger\u00e4te dieses Raums anzeigen zu lassen.<\/p>\n\n\n\n<p>W\u00e4hle ein Ger\u00e4t aus, um die angebotenen Dienste anzuzeigen. Das kann durchaus mehr als einer sein! Beispiel: Ein Garagent\u00fcr\u00f6ffner k\u00f6nnte sowohl den T\u00fcrmechanismus steuern als auch eine Lampe. Wenn das Ger\u00e4t sich identifizieren kann, wird eine entsprechende Schaltfl\u00e4che angezeigt. (Eine Gl\u00fchbirne w\u00fcrde z. B. blinken.) <\/p>\n\n\n\n<figure class=\"wp-block-image size-medium iphone rightFlow\"><a href=\"https:\/\/software.pianojoe.de\/de\/wp-content\/uploads\/sites\/4\/2022\/01\/IMG_7163-1242x2688-1.png\"><img loading=\"lazy\" decoding=\"async\" width=\"139\" height=\"300\" src=\"https:\/\/software.pianojoe.de\/de\/wp-content\/uploads\/sites\/4\/2022\/01\/IMG_7163-1242x2688-1-139x300.png\" alt=\"\" class=\"wp-image-108\" srcset=\"https:\/\/software.pianojoe.de\/de\/wp-content\/uploads\/sites\/4\/2022\/01\/IMG_7163-1242x2688-1-139x300.png 139w, https:\/\/software.pianojoe.de\/de\/wp-content\/uploads\/sites\/4\/2022\/01\/IMG_7163-1242x2688-1-473x1024.png 473w, https:\/\/software.pianojoe.de\/de\/wp-content\/uploads\/sites\/4\/2022\/01\/IMG_7163-1242x2688-1-768x1662.png 768w, https:\/\/software.pianojoe.de\/de\/wp-content\/uploads\/sites\/4\/2022\/01\/IMG_7163-1242x2688-1-710x1536.png 710w, https:\/\/software.pianojoe.de\/de\/wp-content\/uploads\/sites\/4\/2022\/01\/IMG_7163-1242x2688-1-946x2048.png 946w, https:\/\/software.pianojoe.de\/de\/wp-content\/uploads\/sites\/4\/2022\/01\/IMG_7163-1242x2688-1.png 1242w\" sizes=\"auto, (max-width: 139px) 100vw, 139px\" \/><\/a><\/figure>\n\n\n\n<figure class=\"wp-block-image size-medium iphone rightFlow\"><a href=\"https:\/\/software.pianojoe.de\/de\/wp-content\/uploads\/sites\/4\/2022\/01\/IMG_7162.png\"><img loading=\"lazy\" decoding=\"async\" width=\"139\" height=\"300\" src=\"https:\/\/software.pianojoe.de\/de\/wp-content\/uploads\/sites\/4\/2022\/01\/IMG_7162-139x300.png\" alt=\"\" class=\"wp-image-107\" srcset=\"https:\/\/software.pianojoe.de\/de\/wp-content\/uploads\/sites\/4\/2022\/01\/IMG_7162-139x300.png 139w, https:\/\/software.pianojoe.de\/de\/wp-content\/uploads\/sites\/4\/2022\/01\/IMG_7162-473x1024.png 473w, https:\/\/software.pianojoe.de\/de\/wp-content\/uploads\/sites\/4\/2022\/01\/IMG_7162-768x1662.png 768w, https:\/\/software.pianojoe.de\/de\/wp-content\/uploads\/sites\/4\/2022\/01\/IMG_7162-710x1536.png 710w, https:\/\/software.pianojoe.de\/de\/wp-content\/uploads\/sites\/4\/2022\/01\/IMG_7162-946x2048.png 946w, https:\/\/software.pianojoe.de\/de\/wp-content\/uploads\/sites\/4\/2022\/01\/IMG_7162.png 1242w\" sizes=\"auto, (max-width: 139px) 100vw, 139px\" \/><\/a><\/figure>\n\n\n\n<p>Jeder Dienst hat bestimmte <em>Eigenschaften<\/em>. Manche dieser Parameter sind beschreibbar, d. h., sie k\u00f6nnen vom Benutzer ver\u00e4ndert\/geschaltet werden. Du kannst sie ausw\u00e4hlen und den entsprechenden Wert \u00e4ndern. (Weil unsere App nicht jede Einstellm\u00f6glichkeit eines jeden Ger\u00e4te-Dienstes vorhersehen kann, ist hier gesunder Menschenverstand gefragt.)<\/p>\n\n\n\n<p>Diese Funktion ist n\u00fctzlich. Allerdings will HomePeek keine Smart-Home-Steuerung ersetzen.<\/p>\n\n\n\n<h2 class=\"wp-block-heading\" id=\"voreinstellungen\">Voreinstellungen<\/h2>\n\n\n\n<figure class=\"wp-block-image size-full rightFlow\"><img loading=\"lazy\" decoding=\"async\" width=\"44\" height=\"44\" src=\"https:\/\/software.pianojoe.de\/de\/wp-content\/uploads\/sites\/4\/2022\/01\/gear@2x.png\" alt=\"\" class=\"wp-image-120\"\/><\/figure>\n\n\n\n<p>Das Zahnrad-Symbol ruft die Voreinstellungen auf. Folgendes kann eingestellt werden:<\/p>\n\n\n\n<h4 class=\"wp-block-heading\" id=\"logbuch-eintrage\">Logbuch-Eintr\u00e4ge<\/h4>\n\n\n\n<p>In seltenen F\u00e4llen m\u00f6chte man die Anzahl der Logbuch-Eintr\u00e4ge erh\u00f6hen, z. B., wenn man ein Logbuch \u00fcber eine ganze Nacht erstellen m\u00f6chte.<\/p>\n\n\n\n<h4 class=\"wp-block-heading\" id=\"melde-fehlende-gerate\">Melde fehlende Ger\u00e4te<\/h4>\n\n\n\n<p>Manche Ger\u00e4te verschwinden gerne einmal aus dem Netzwerk, sie sind dann \u201enicht erreichbar\u201c. HomePeek scannt regelm\u00e4\u00dfig nach fehlenden Ger\u00e4ten. Das Zeitintervall daf\u00fcr kann man hier einstellen.<\/p>\n\n\n\n<h4 class=\"wp-block-heading\" id=\"hintergrundprotokoll\">Hintergrundprotokoll<\/h4>\n\n\n\n<p>Wenn HomePeek in den Hintergrund tritt (d.h., wenn es nicht mehr die \u201evordere\u201c App ist), h\u00f6rt es normalerweise auf zu protokollieren und geht in einen Ruhezustand. Wenn man jedoch das Hintergrundprotokoll aktiviert, wird die App Homekit weiterhin \u00fcberwachen und alle Ereignisse ins Logbuch eintragen.<\/p>\n\n\n\n<p>Diese Funktion ist standardm\u00e4\u00dfig ausgeschaltet, weil das st\u00e4ndige Protokollieren \u201eauf den Akku geht\u201c.<\/p>\n\n\n\n<hr class=\"wp-block-separator\"\/>\n\n\n\n<h2 class=\"wp-block-heading\" id=\"versionsgeschichte\">Versionsgeschichte<\/h2>\n\n\n\n<p>1.0.1 16.1.22 Erstver\u00f6ffentliung<\/p>\n","protected":false},"excerpt":{"rendered":"<p>Version 1.0.1 erh\u00e4ltlich f\u00fcr iPhone und iPad (iOS 15.2 oder h\u00f6her) Zusammenfassung Homepeek ist eine kleine App, mit der Du nachschauen und protokollieren kannst, was in Deiner Smart-Home-Umgebung vor sich geht (solange sie \u00fcber Apple Homekit integriert ist). Gewinne neue Einsichten \u00fcber Deine Ger\u00e4te. Exportiere Log-Daten. Finde Problem-Ursachen, lerne und optimiere. Los geht\u2019s! Nachdem Du &#8230; <a title=\"HomePeek \u2014 Die Bedienungsanleitung\" class=\"read-more\" href=\"https:\/\/software.pianojoe.de\/de\/homepeek-the-manual\/\" aria-label=\"Mehr Informationen \u00fcber HomePeek \u2014 Die Bedienungsanleitung\">Weiterlesen<\/a><\/p>\n","protected":false},"author":1,"featured_media":0,"parent":0,"menu_order":0,"comment_status":"closed","ping_status":"closed","template":"","meta":{"footnotes":""},"class_list":["post-65","page","type-page","status-publish"],"_links":{"self":[{"href":"https:\/\/software.pianojoe.de\/de\/wp-json\/wp\/v2\/pages\/65","targetHints":{"allow":["GET"]}}],"collection":[{"href":"https:\/\/software.pianojoe.de\/de\/wp-json\/wp\/v2\/pages"}],"about":[{"href":"https:\/\/software.pianojoe.de\/de\/wp-json\/wp\/v2\/types\/page"}],"author":[{"embeddable":true,"href":"https:\/\/software.pianojoe.de\/de\/wp-json\/wp\/v2\/users\/1"}],"replies":[{"embeddable":true,"href":"https:\/\/software.pianojoe.de\/de\/wp-json\/wp\/v2\/comments?post=65"}],"version-history":[{"count":34,"href":"https:\/\/software.pianojoe.de\/de\/wp-json\/wp\/v2\/pages\/65\/revisions"}],"predecessor-version":[{"id":270,"href":"https:\/\/software.pianojoe.de\/de\/wp-json\/wp\/v2\/pages\/65\/revisions\/270"}],"wp:attachment":[{"href":"https:\/\/software.pianojoe.de\/de\/wp-json\/wp\/v2\/media?parent=65"}],"curies":[{"name":"wp","href":"https:\/\/api.w.org\/{rel}","templated":true}]}}