{"id":206,"date":"2022-01-29T22:39:30","date_gmt":"2022-01-29T22:39:30","guid":{"rendered":"https:\/\/software.pianojoe.de\/de\/?page_id=206"},"modified":"2022-01-30T11:18:40","modified_gmt":"2022-01-30T11:18:40","slug":"techniken-der-stereomikrofonierung","status":"publish","type":"page","link":"https:\/\/software.pianojoe.de\/de\/techniken-der-stereomikrofonierung\/","title":{"rendered":"Techniken der Stereomikrofonierung"},"content":{"rendered":"\n<p class=\"has-text-align-right has-contrast-color has-text-color\" style=\"font-size:16px\"><em>Dieser Artikel erg\u00e4nzt die Bedienungsanleitung unserer App <strong>Stereo Mic Positionsrechner<\/strong><\/em><\/p>\n\n\n\n<p>Musik wird heute mindestens im Stereo-Verfahren aufgenommen, um die Ausdehnung der Instrumente im Raum gut abzubilden. Dadurch wird die Musik f\u00fcr den Zuh\u00f6rer transparenter und \u201ebesser zu h\u00f6ren\u201c.&nbsp;<\/p>\n\n\n\n<p>Ein r\u00e4umlicher Klangeindruck entsteht, wenn der Schall die Ohren des Zuh\u00f6rers zu unterschiedlichen Zeitpunkten erreicht, und in unterschliedlicher Lautst\u00e4rke. Au\u00dferdem bed\u00e4mpft der Kopf des Zuh\u00f6rers manche Frequenzen, bevor der Schall das der Quelle abgewandte Ohr erreichen.<\/p>\n\n\n\n<p>In der Popmusik \u00fcblich ist eine sehr nahe Mikrofonierung aller Instrumente. Die r\u00e4umliche Verteilung findet dann im Mischpult mit Hilfe des Panorama-Reglers statt. Allerdings ber\u00fccksichtigt dieses Verfahren nur den Pegel- und nicht den Laufzeitunterschied des Schalls. Die R\u00e4umlichkeit wirkt k\u00fcnstlich \u2014 etwa so, als w\u00fcrde man die Musik durch mehrere L\u00f6cher in einer Wand h\u00f6ren. (Zum Vergleich: Eine Mono-Aufnahme klingt, als w\u00fcrde man die Musik durch ein einziges Loch in der Wand h\u00f6ren.)<\/p>\n\n\n\n<p>Besser ist es, die R\u00e4umlichkeit mit zwei Mikrofonen einzufangen, deren Signal dann auf den rechten und linken Stereokanal gelangt. Je nach gew\u00fcnschtem klanglichen Effekt verwendet man i. d. R. eine der drei im folgenden beschriebenen Mikrofonaufbauten.<\/p>\n\n\n\n<h3 class=\"wp-block-heading\" id=\"voruberlegung\">Vor\u00fcberlegung<\/h3>\n\n\n\n<p>Wir m\u00f6chten das Ensemble (den Chor, das Orchester, die Band usw.) in der gesamten Breite des Stereobildes abbilden. Dazu m\u00fcssen wir den Abbildungswinkel unseres Mikrofonsystems ber\u00fccksichtigen. Wird dieser zu gro\u00df gew\u00e4hlt, bildet das Ensemble auf der Aufnahme einen \u201ePulk\u201c in der Stereomitte. W\u00e4hlen wir ihn zu klein, dr\u00e4ngen die Instrumente nach au\u00dfen, Richtung Boxen (siehe Skizze). Beides wollen wir vermeiden.<\/p>\n\n\n\n<div class=\"wp-block-image is-style-default\"><figure class=\"aligncenter size-full\"><img loading=\"lazy\" decoding=\"async\" width=\"653\" height=\"604\" src=\"https:\/\/software.pianojoe.de\/de\/wp-content\/uploads\/sites\/4\/2022\/01\/grafik-abbildungswinkel.gif\" alt=\"\" class=\"wp-image-202\"\/><\/figure><\/div>\n\n\n\n<figure class=\"wp-block-image size-full is-style-default reflow breakout\"><img loading=\"lazy\" decoding=\"async\" width=\"100\" height=\"37\" src=\"https:\/\/software.pianojoe.de\/de\/wp-content\/uploads\/sites\/4\/2022\/01\/latex2pngphp_med.png\" alt=\"\" class=\"wp-image-203\"\/><\/figure>\n\n\n\n<p>Leider ist die Mikrofonaufstellung, mit der man einen bestimmten Abbildungswinkel erreicht, nicht gut sch\u00e4tzbar. Dazu sind komplexe geometrische Berechnungen notwendig. Der Winkel errechnet sich aus der Breite des Ensembles (in der Draufsicht) und dem Abstand zur Front (also der Flucht der vorderen Instrumente). Das Ganze spannt ein Dreieck auf, f\u00fcr das neben stehende Formel gilt.&nbsp;<\/p>\n\n\n\n<p>Erfreulicherweise gibt es zur Berechnung dieser Dinge eine Software: Meine iPhone-App Stereo Mic Positionsrechner.<\/p>\n\n\n\n<p>&nbsp;Im folgenden werden die drei wichtigsten Stereo-Mikrophonierungen im einzelnen erl\u00e4utert:<\/p>\n\n\n\n<h2 class=\"wp-block-heading\" id=\"laufzeit-stereophonie-ab-verfahren\">Laufzeit-Stereophonie (AB-Verfahren)<\/h2>\n\n\n\n<p>Zwei Mikrofone in Kugelcharakteristik werden in einem bestimmten Abstand nebeneinander rampenparallel vor das Ensemble gestellt.&nbsp;<\/p>\n\n\n\n<p class=\"p_reflow p_breakout\">Je nach Art der Schallquelle erreicht man auch mit Werten unter 1,5&nbsp;ms schon gute Ergebnisse. In den Voreinstellungen der iPhone App&nbsp;Stereo Mic Pos&nbsp;kann man diesen Wert, die \u201eVerz\u00f6gerung f\u00fcr unilaterale Ortung\u201c (oder k\u00fcrzer \u201eAB-Latenz\u201c) anpassen.<\/p>\n\n\n\n<p>Aus dem Abstand der Mikrofone ergibt sich eine Laufzeitdifferenz seitlich einfallenden Schalls. Empirisch hat man herausgefunden, dass eine Laufzeitverz\u00f6gerung von 1,5&nbsp;ms als \u201eganz rechts\u201c bzw. \u201eganz links\u201c wahrgenommen wird.&nbsp;<\/p>\n\n\n\n<h4 class=\"wp-block-heading\" id=\"praxisbeispiel\">Praxisbeispiel<\/h4>\n\n\n\n<p>Ein Chor sei 5 m breit aufgestellt. Das Mikrofonsystem befinde sich 3 m vom Chor entfernt.&nbsp;Stereo Mic Pos&nbsp;errechnet einen Abstand der Mikrofonbasis von 79,9 cm.<\/p>\n\n\n\n<div class=\"wp-block-image is-style-default\"><figure class=\"aligncenter size-large\"><img loading=\"lazy\" decoding=\"async\" width=\"1024\" height=\"473\" src=\"https:\/\/software.pianojoe.de\/de\/wp-content\/uploads\/sites\/4\/2022\/01\/Beispiel-AB-1024x473.jpg\" alt=\"\" class=\"wp-image-221\" srcset=\"https:\/\/software.pianojoe.de\/de\/wp-content\/uploads\/sites\/4\/2022\/01\/Beispiel-AB-1024x473.jpg 1024w, https:\/\/software.pianojoe.de\/de\/wp-content\/uploads\/sites\/4\/2022\/01\/Beispiel-AB-300x138.jpg 300w, https:\/\/software.pianojoe.de\/de\/wp-content\/uploads\/sites\/4\/2022\/01\/Beispiel-AB-768x354.jpg 768w, https:\/\/software.pianojoe.de\/de\/wp-content\/uploads\/sites\/4\/2022\/01\/Beispiel-AB-1536x709.jpg 1536w, https:\/\/software.pianojoe.de\/de\/wp-content\/uploads\/sites\/4\/2022\/01\/Beispiel-AB-2048x945.jpg 2048w\" sizes=\"auto, (max-width: 1024px) 100vw, 1024px\" \/><figcaption><em>Grafik: Stereo Mic Positionsrechner<\/em><\/figcaption><\/figure><\/div>\n\n\n\n<p>An der Grafik sieht man, dass es sinnvoll ist, das Ensemble im Halbkreis aufzustellen, so dass das Mikrofonsystem den Kreismittelpunkt bildet. Dadurch sind alle Instrumente gleich weit vom Mikrofon entfernt.<\/p>\n\n\n\n<h4 class=\"wp-block-heading\" id=\"wirkung\">Wirkung<\/h4>\n\n\n\n<p>Da die Richtung des Schalleinfalls auf das einzelne Mikro keine Rolle spielt, kann man Mikrofone in Kugelcharakteristik verwenden. Diese leiden nicht unter dem von \u201eNieren\u201c bekannten Nahbesprechungseffekt, \u00fcbertragen also auch tiefe Frequenzen gleichm\u00e4\u00dfig und sauber. Durch die Kugelcharakteristik wird die Raumakustik deutlich mit eingefangen, was je nach Situation ein Vo- oder Nachteil sein kann. Die Abbildung klingt angenehm r\u00e4umlich, die Ortung einzelner Instrumente ist allerdings etwas verwaschen.<\/p>\n\n\n\n<p>Vorsicht: Durch die Laufzeitunterschiede kann es zu Phaseneffekten kommen. Man muss das Signal unbedingt auf seine Monokompatibilit\u00e4t pr\u00fcfen.&nbsp;<\/p>\n\n\n\n<h2 class=\"wp-block-heading\" id=\"intensitats-stereofonie-xy-verfahren\">Intensit\u00e4ts-Stereofonie (XY-Verfahren)<\/h2>\n\n\n\n<p>Zwei Mikrofone in Nierencharakteristik werden in einem bestimmten Winkel aufgestellt, so dass die Mittelpunkte der Membranen genau \u00fcbereinander liegen. Dadurch erreicht der Schall beide Mikrofone zum gleichen Zeitpunkt \u2014 die Phasenprobleme des AB-Verfahrens bleiben aus. Die Ortung erfolgt alleine dadurch, dass die Mikrofone den Schall aufgrund ihrer Richtcharakteristik aus verschiedenen Richtungen unterschiedlich stark aufnehmen.<\/p>\n\n\n\n<h3 class=\"wp-block-heading\" id=\"praxisbeispiel-1\">Praxisbeispiel<\/h3>\n\n\n\n<p>F\u00fcr das oben erw\u00e4hnte Szenario errechnet Stereo Mic Pos einen Basiswinkel (= Winkel zwischen den Mikrofonen) von 138,9\u00b0.<\/p>\n\n\n\n<div class=\"wp-block-image is-style-default\"><figure class=\"aligncenter size-large\"><img loading=\"lazy\" decoding=\"async\" width=\"1024\" height=\"473\" src=\"https:\/\/software.pianojoe.de\/de\/wp-content\/uploads\/sites\/4\/2022\/01\/Beispiel-XY-1024x473.jpg\" alt=\"\" class=\"wp-image-224\" srcset=\"https:\/\/software.pianojoe.de\/de\/wp-content\/uploads\/sites\/4\/2022\/01\/Beispiel-XY-1024x473.jpg 1024w, https:\/\/software.pianojoe.de\/de\/wp-content\/uploads\/sites\/4\/2022\/01\/Beispiel-XY-300x138.jpg 300w, https:\/\/software.pianojoe.de\/de\/wp-content\/uploads\/sites\/4\/2022\/01\/Beispiel-XY-768x354.jpg 768w, https:\/\/software.pianojoe.de\/de\/wp-content\/uploads\/sites\/4\/2022\/01\/Beispiel-XY-1536x709.jpg 1536w, https:\/\/software.pianojoe.de\/de\/wp-content\/uploads\/sites\/4\/2022\/01\/Beispiel-XY-2048x945.jpg 2048w\" sizes=\"auto, (max-width: 1024px) 100vw, 1024px\" \/><figcaption><em>Grafik: Stereo Mic Positionsrechner<\/em><\/figcaption><\/figure><\/div>\n\n\n\n<p>Beachtenswert ist dabei, dass der Basiswinkel des Mikrofonsystems nicht dem Abbildungswinkel der Anordnung entspricht. Es handelt sich um zwei unterschiedliche Werte, die zudem gegensinnig verlaufen: Wird der Basiswinkel kleiner, so wird der Abbildungswinkel gr\u00f6\u00dfer. (Bei ca. 120\u00b0 sind sie \u201ezuf\u00e4llig\u201c gleich.)<\/p>\n\n\n\n<h4 class=\"wp-block-heading\" id=\"wirkung-1\">Wirkung<\/h4>\n\n\n\n<p>Naturgem\u00e4\u00df keine Probleme mit der Phasenlage. Die Ortung einzelner Instrumente ist sehr gut, dadurch \u201everschmilzt\u201c der Klang nicht so sehr, was ein Nachteil sein kann. Die R\u00e4umlichkeit ist weniger nat\u00fcrlich.<\/p>\n\n\n\n<h2 class=\"wp-block-heading\" id=\"aquivalenz-stereofonie-ortf-verfahren\">\u00c4quivalenz-Stereofonie (ORTF-Verfahren)<\/h2>\n\n\n\n<p>Dieses Verfahren vereinigt das \u201eBeste beider Welten\u201c obiger Verfahren. Die Mikrofone (Nieren) stehen in einem geringen Abstand und einem vorgegebenden Basiswinkel. Verschiedene Versionen dieses Systems wurden u. a. von europ\u00e4ischen Rundfunkanstalten entwickelt. Das popul\u00e4rste ist das ORTF (entwickelt vom franz\u00f6sischen Staatsrundfunk \u201eOffice de Radiodiffusion T\u00e9l\u00e9vision Fran\u00e7aise\u201c) mit einer Mikrofonbasis von 17cm und einem Basiswinkel von 110\u00b0.<\/p>\n\n\n\n<h3 class=\"wp-block-heading\" id=\"praxisbeispiel-2\">Praxisbeispiel<\/h3>\n\n\n\n<p>F\u00fcr eine Ensemblebreite von 5 m errechnet unsere App eine Mikrofondistanz von 2,24 m. Da der Abbildungswinkel nicht variabel ist, kann die Distanz des Systems nicht frei gew\u00e4hlt werden, sondern ist eine Funktion der Breite des Ensembles.<\/p>\n\n\n\n<div class=\"wp-block-image is-style-default\"><figure class=\"aligncenter size-large\"><img loading=\"lazy\" decoding=\"async\" width=\"1024\" height=\"473\" src=\"https:\/\/software.pianojoe.de\/de\/wp-content\/uploads\/sites\/4\/2022\/01\/Beispiel-ORTF-1024x473.jpg\" alt=\"\" class=\"wp-image-225\" srcset=\"https:\/\/software.pianojoe.de\/de\/wp-content\/uploads\/sites\/4\/2022\/01\/Beispiel-ORTF-1024x473.jpg 1024w, https:\/\/software.pianojoe.de\/de\/wp-content\/uploads\/sites\/4\/2022\/01\/Beispiel-ORTF-300x138.jpg 300w, https:\/\/software.pianojoe.de\/de\/wp-content\/uploads\/sites\/4\/2022\/01\/Beispiel-ORTF-768x354.jpg 768w, https:\/\/software.pianojoe.de\/de\/wp-content\/uploads\/sites\/4\/2022\/01\/Beispiel-ORTF-1536x709.jpg 1536w, https:\/\/software.pianojoe.de\/de\/wp-content\/uploads\/sites\/4\/2022\/01\/Beispiel-ORTF-2048x945.jpg 2048w\" sizes=\"auto, (max-width: 1024px) 100vw, 1024px\" \/><figcaption><em>Grafik: Stereo Mic Positionsrechner<\/em><\/figcaption><\/figure><\/div>\n\n\n\n<h4 class=\"wp-block-heading\" id=\"wirkung-2\">Wirkung<\/h4>\n\n\n\n<p>Das ORTF-Verfahren erreicht eine bessere R\u00e4umlichkeit als XY, aber eine bessere Ortung als AB. Es ist f\u00fcr viele Situationen zu empfehlen.&nbsp;<\/p>\n\n\n\n<p>Allerdings hat das Verfahren einen Nachteil: Bei den anderen beiden Verfahren l\u00e4sst sich durch geschickte Wahl der Distanz zum Ensemble das Verh\u00e4ltnis von Direktschall und Nachhall regulieren. Diese M\u00f6glichkeit f\u00e4llt beim ORTF-Verfahren weg, da die Distanz nicht frei w\u00e4hlbar ist.<\/p>\n\n\n\n<hr class=\"wp-block-separator\"\/>\n\n\n\n<h5 class=\"wp-block-heading\" id=\"weiterfuhrende-informationsquellen\">Weiterf\u00fchrende Informationsquellen<\/h5>\n\n\n\n<ul class=\"wp-block-list\"><li>Wikipedia hat einen exzellenten Artikel zum Thema&nbsp;<a rel=\"noreferrer noopener\" href=\"http:\/\/de.wikipedia.org\/wiki\/Stereofonie\" target=\"_blank\">Stereophonie<\/a>.<\/li><li>Die&nbsp;<a rel=\"noreferrer noopener\" href=\"http:\/\/www.sengpielaudio.com\/\" target=\"_blank\">Website von Dipl.-Ing. Eberhard Sengpiel<\/a>, Dozent f\u00fcr Tontechnik an der UdK Berlin<\/li><li>Buchtipp:&nbsp;<a rel=\"noreferrer noopener\" href=\"http:\/\/www.amazon.de\/gp\/product\/382665546X\/ref=as_li_ss_tl?ie=UTF8&amp;tag=vokalensvoi01-21&amp;linkCode=as2&amp;camp=1638&amp;creative=19454&amp;creativeASIN=382665546X\" target=\"_blank\">Homerecording (DAS bhv TASCHENBUCH)<\/a>&nbsp;von Carsten Kaiser<\/li><\/ul>\n","protected":false},"excerpt":{"rendered":"<p>Dieser Artikel erg\u00e4nzt die Bedienungsanleitung unserer App Stereo Mic Positionsrechner Musik wird heute mindestens im Stereo-Verfahren aufgenommen, um die Ausdehnung der Instrumente im Raum gut abzubilden. Dadurch wird die Musik f\u00fcr den Zuh\u00f6rer transparenter und \u201ebesser zu h\u00f6ren\u201c.&nbsp; Ein r\u00e4umlicher Klangeindruck entsteht, wenn der Schall die Ohren des Zuh\u00f6rers zu unterschiedlichen Zeitpunkten erreicht, und in &#8230; <a title=\"Techniken der Stereomikrofonierung\" class=\"read-more\" href=\"https:\/\/software.pianojoe.de\/de\/techniken-der-stereomikrofonierung\/\" aria-label=\"Mehr Informationen \u00fcber Techniken der Stereomikrofonierung\">Weiterlesen<\/a><\/p>\n","protected":false},"author":1,"featured_media":0,"parent":0,"menu_order":0,"comment_status":"closed","ping_status":"closed","template":"","meta":{"footnotes":""},"class_list":["post-206","page","type-page","status-publish"],"_links":{"self":[{"href":"https:\/\/software.pianojoe.de\/de\/wp-json\/wp\/v2\/pages\/206","targetHints":{"allow":["GET"]}}],"collection":[{"href":"https:\/\/software.pianojoe.de\/de\/wp-json\/wp\/v2\/pages"}],"about":[{"href":"https:\/\/software.pianojoe.de\/de\/wp-json\/wp\/v2\/types\/page"}],"author":[{"embeddable":true,"href":"https:\/\/software.pianojoe.de\/de\/wp-json\/wp\/v2\/users\/1"}],"replies":[{"embeddable":true,"href":"https:\/\/software.pianojoe.de\/de\/wp-json\/wp\/v2\/comments?post=206"}],"version-history":[{"count":18,"href":"https:\/\/software.pianojoe.de\/de\/wp-json\/wp\/v2\/pages\/206\/revisions"}],"predecessor-version":[{"id":252,"href":"https:\/\/software.pianojoe.de\/de\/wp-json\/wp\/v2\/pages\/206\/revisions\/252"}],"wp:attachment":[{"href":"https:\/\/software.pianojoe.de\/de\/wp-json\/wp\/v2\/media?parent=206"}],"curies":[{"name":"wp","href":"https:\/\/api.w.org\/{rel}","templated":true}]}}