{"id":2,"date":"2022-01-04T19:22:12","date_gmt":"2022-01-04T19:22:12","guid":{"rendered":"http:\/\/software.pianojoe.de\/de\/?page_id=2"},"modified":"2022-01-31T09:31:25","modified_gmt":"2022-01-31T09:31:25","slug":"sample-page","status":"publish","type":"page","link":"https:\/\/software.pianojoe.de\/de\/","title":{"rendered":""},"content":{"rendered":"\n<h4 class=\"wp-block-heading\" id=\"wir-wollen\">Wir wollen \u2026<\/h4>\n\n\n\n<p>\u2026 Werkzeuge schaffen, n\u00fctzliche und solche zum Zeitvertreib, die Dein analoges Leben und Deinen digitalen Lifestyle verschr\u00e4nken. Wir fangen gerade erst an\u2026 Bleib auf Empfang!<\/p>\n\n\n\n<h3 class=\"wp-block-heading\" id=\"unsere-produkte\">Unsere Produkte<\/h3>\n\n\n\n<h1 class=\"reflow appBadge wp-block-heading\" id=\"homepeek\"><img loading=\"lazy\" decoding=\"async\" width=\"150\" height=\"150\" class=\"wp-image-25\" style=\"width: 150px;\" src=\"https:\/\/software.pianojoe.de\/de\/wp-content\/uploads\/sites\/4\/2022\/01\/HomePeek-App-Icon.png\" alt=\"\" srcset=\"https:\/\/software.pianojoe.de\/de\/wp-content\/uploads\/sites\/4\/2022\/01\/HomePeek-App-Icon.png 1444w, https:\/\/software.pianojoe.de\/de\/wp-content\/uploads\/sites\/4\/2022\/01\/HomePeek-App-Icon-300x300.png 300w, https:\/\/software.pianojoe.de\/de\/wp-content\/uploads\/sites\/4\/2022\/01\/HomePeek-App-Icon-1024x1024.png 1024w, https:\/\/software.pianojoe.de\/de\/wp-content\/uploads\/sites\/4\/2022\/01\/HomePeek-App-Icon-150x150.png 150w, https:\/\/software.pianojoe.de\/de\/wp-content\/uploads\/sites\/4\/2022\/01\/HomePeek-App-Icon-768x768.png 768w\" sizes=\"auto, (max-width: 150px) 100vw, 150px\" \/>HomePeek<\/h1>\n\n\n\n<p>Ein Werkzeug, mit dem Du nachschauen und protokollieren kannst, was in Deiner Smart-Home-Umgebung vor sich geht (solange sie \u00fcber Apple Homekit integriert ist). Gewinne neue Einsichten \u00fcber Deine Ger\u00e4te. Exportiere Log-Daten. Finde Problem-Ursachen, lerne und optimiere.<br>Lies die <a href=\"https:\/\/software.pianojoe.de\/de\/homepeek-the-manual\/\" data-type=\"page\" data-id=\"65\">Bedienungsanleitung<\/a>.<\/p>\n\n\n\n<p>Erh\u00e4ltlich in Apples App Store f\u00fcr iPhone und iPad.<\/p>\n\n\n\n<figure class=\"wp-block-image size-full is-resized is-style-default\"><a href=\"https:\/\/apps.apple.com\/de\/app\/homepeek\/id1604015254\"><img loading=\"lazy\" decoding=\"async\" src=\"https:\/\/software.pianojoe.de\/wp-content\/uploads\/2022\/01\/Download_on_the_App_Store_Badge_US-UK_blk_092917.png\" alt=\"Download on the App Store\" class=\"wp-image-205\" width=\"120\" height=\"40\"\/><\/a><\/figure>\n\n\n\n<hr class=\"wp-block-separator\"\/>\n\n\n\n<figure class=\"wp-block-image size-full is-resized reflow appBadge is-style-rounded\"><img decoding=\"async\" src=\"https:\/\/software.pianojoe.de\/de\/wp-content\/uploads\/sites\/4\/2022\/01\/Stereo-Mic-Positionsrechner-1.6_152.png\" alt=\"\" class=\"wp-image-133\" width=\"150\" srcset=\"https:\/\/software.pianojoe.de\/de\/wp-content\/uploads\/sites\/4\/2022\/01\/Stereo-Mic-Positionsrechner-1.6_152.png 152w, https:\/\/software.pianojoe.de\/de\/wp-content\/uploads\/sites\/4\/2022\/01\/Stereo-Mic-Positionsrechner-1.6_152-150x150.png 150w\" sizes=\"(max-width: 152px) 100vw, 152px\" \/><\/figure>\n\n\n\n<h1 class=\"wp-block-heading\" id=\"stereo-mic-positionsrechner\">Stereo Mic Positionsrechner<\/h1>\n\n\n\n<p>Ein Tool f\u00fcr Tonaufnahmen. Es berechnet Position und Winkel f\u00fcr Stereo-Mikrofonsysteme nach dem&nbsp;AB-, XY- und ORTF-Verfahren, und ist damit ein praktischer Helfer f\u00fcr Toningenieure, die gr\u00f6\u00dfere Ensembles aufnehmen wollen.<br>Lies die <a href=\"https:\/\/software.pianojoe.de\/de\/stereomicposition-the-manual\/\" data-type=\"page\" data-id=\"128\">Bedienungsanleitung<\/a>.<\/p>\n\n\n\n<p>Erh\u00e4ltlich in Apples App Store f\u00fcr iPhone und iPad.<\/p>\n\n\n\n<figure class=\"wp-block-image size-full is-resized is-style-default\"><a href=\"https:\/\/apps.apple.com\/de\/app\/stereo-mic-positionsrechner\/id438632818\"><img loading=\"lazy\" decoding=\"async\" src=\"https:\/\/software.pianojoe.de\/wp-content\/uploads\/2022\/01\/Download_on_the_App_Store_Badge_US-UK_blk_092917.png\" alt=\"\" class=\"wp-image-205\" width=\"120\" height=\"40\"\/><\/a><\/figure>\n","protected":false},"excerpt":{"rendered":"<p>Wir wollen \u2026 \u2026 Werkzeuge schaffen, n\u00fctzliche und solche zum Zeitvertreib, die Dein analoges Leben und Deinen digitalen Lifestyle verschr\u00e4nken. Wir fangen gerade erst an\u2026 Bleib auf Empfang! Unsere Produkte HomePeek Ein Werkzeug, mit dem Du nachschauen und protokollieren kannst, was in Deiner Smart-Home-Umgebung vor sich geht (solange sie \u00fcber Apple Homekit integriert ist). Gewinne &#8230; <a title=\"\" class=\"read-more\" href=\"https:\/\/software.pianojoe.de\/de\/\" aria-label=\"Mehr Informationen \u00fcber \">Weiterlesen<\/a><\/p>\n","protected":false},"author":1,"featured_media":0,"parent":0,"menu_order":0,"comment_status":"closed","ping_status":"open","template":"","meta":{"footnotes":""},"class_list":["post-2","page","type-page","status-publish"],"_links":{"self":[{"href":"https:\/\/software.pianojoe.de\/de\/wp-json\/wp\/v2\/pages\/2","targetHints":{"allow":["GET"]}}],"collection":[{"href":"https:\/\/software.pianojoe.de\/de\/wp-json\/wp\/v2\/pages"}],"about":[{"href":"https:\/\/software.pianojoe.de\/de\/wp-json\/wp\/v2\/types\/page"}],"author":[{"embeddable":true,"href":"https:\/\/software.pianojoe.de\/de\/wp-json\/wp\/v2\/users\/1"}],"replies":[{"embeddable":true,"href":"https:\/\/software.pianojoe.de\/de\/wp-json\/wp\/v2\/comments?post=2"}],"version-history":[{"count":27,"href":"https:\/\/software.pianojoe.de\/de\/wp-json\/wp\/v2\/pages\/2\/revisions"}],"predecessor-version":[{"id":269,"href":"https:\/\/software.pianojoe.de\/de\/wp-json\/wp\/v2\/pages\/2\/revisions\/269"}],"wp:attachment":[{"href":"https:\/\/software.pianojoe.de\/de\/wp-json\/wp\/v2\/media?parent=2"}],"curies":[{"name":"wp","href":"https:\/\/api.w.org\/{rel}","templated":true}]}}