{"id":128,"date":"2022-01-26T19:02:13","date_gmt":"2022-01-26T19:02:13","guid":{"rendered":"https:\/\/software.pianojoe.de\/de\/?page_id=128"},"modified":"2022-02-01T09:34:17","modified_gmt":"2022-02-01T09:34:17","slug":"stereomicposition-the-manual","status":"publish","type":"page","link":"https:\/\/software.pianojoe.de\/de\/stereomicposition-the-manual\/","title":{"rendered":"Stereo Mic Positionsrechner \u2014 Bedienungsanleitung"},"content":{"rendered":"\n<div style=\"clear:both;\"><\/div>\n\n\n\n<p class=\"reflow smallimg\"><img loading=\"lazy\" decoding=\"async\" width=\"150\" height=\"150\" class=\"wp-image-133\" style=\"width: 150px;\" src=\"https:\/\/software.pianojoe.de\/de\/wp-content\/uploads\/sites\/4\/2022\/01\/Stereo-Mic-Positionsrechner-1.6_152.png\" alt=\"\" srcset=\"https:\/\/software.pianojoe.de\/de\/wp-content\/uploads\/sites\/4\/2022\/01\/Stereo-Mic-Positionsrechner-1.6_152.png 152w, https:\/\/software.pianojoe.de\/de\/wp-content\/uploads\/sites\/4\/2022\/01\/Stereo-Mic-Positionsrechner-1.6_152-150x150.png 150w\" sizes=\"auto, (max-width: 150px) 100vw, 150px\" \/>Version 1.6 erh\u00e4ltlich f\u00fcr iPhone and iPad (iOS 15.2 oder neuer)<\/p>\n\n\n\n<figure class=\"wp-block-image size-full is-resized is-style-default\"><a href=\"https:\/\/apps.apple.com\/de\/app\/stereo-mic-positionsrechner\/id438632818\"><img loading=\"lazy\" decoding=\"async\" src=\"https:\/\/software.pianojoe.de\/wp-content\/uploads\/2022\/01\/Download_on_the_App_Store_Badge_US-UK_blk_092917.png\" alt=\"\" class=\"wp-image-205\" width=\"120\" height=\"40\"\/><\/a><\/figure>\n\n\n\n<h2 class=\"wp-block-heading\" id=\"zusammenfassung\">Zusammenfassung<\/h2>\n\n\n\n<p>Der <strong>Stereo Mic Positionsrechner<\/strong> ist ein Tool f\u00fcr Tonaufnahmen. Es berechnet Position und Winkel f\u00fcr Stereo-Mikrofonsysteme nach dem&nbsp;<strong>AB<\/strong>-, <strong>XY<\/strong>&#8211; und <strong>ORTF<\/strong>-Verfahren.<\/p>\n\n\n\n<h2 class=\"wp-block-heading\" id=\"beschreibung\">Beschreibung<\/h2>\n\n\n\n<figure class=\"wp-block-image size-large is-resized reflow iphone\"><img loading=\"lazy\" decoding=\"async\" src=\"https:\/\/software.pianojoe.de\/de\/wp-content\/uploads\/sites\/4\/2022\/01\/StereoMic16Screenshot1_1080x2340-473x1024.jpg\" alt=\"\" class=\"wp-image-181\" width=\"237\" height=\"512\" srcset=\"https:\/\/software.pianojoe.de\/de\/wp-content\/uploads\/sites\/4\/2022\/01\/StereoMic16Screenshot1_1080x2340-473x1024.jpg 473w, https:\/\/software.pianojoe.de\/de\/wp-content\/uploads\/sites\/4\/2022\/01\/StereoMic16Screenshot1_1080x2340-709x1536.jpg 709w\" sizes=\"auto, (max-width: 237px) 100vw, 237px\" \/><\/figure>\n\n\n\n<p>Um bei Stereo-Aufnahmen ein Ensemble in seiner vollen R\u00e4umlichkeit einzufangen, muss der Aufnahmewinkel des Mikrofonsystems dem \u201eSichtwinkel des Dirigenten\u201c entsprechen.<\/p>\n\n\n\n<p>Der f\u00fcr einen bestimmten Winkel erforderliche Mikrofonaufbau ist schlecht sch\u00e4tzbar. Er erfordert komplexe geometrische Berechnungen. Ist der Winkel zu gro\u00df, versammelt sich das ganze Ensemble in der Stereo-Mitte, ist er zu klein gew\u00e4hlt, dr\u00e4ngen die Instrumente Richtung Boxen. Beides will man vermeiden.<\/p>\n\n\n\n<p>Meine App, der <strong>Stereo Mic Positionsrechner<\/strong>, nimmt Dir die Arbeit ab! Nachdem man die Ausgangsgr\u00f6\u00dfen der Berechnung eingegeben hat, kann man sich den Aufbau des Szenarios in einer ma\u00dfstabsgetreuen Skizze anzeigen lassen.&nbsp;<\/p>\n\n\n\n<h3 class=\"wp-block-heading\" id=\"mikrofonierungen\">Mikrofonierungen<\/h3>\n\n\n\n<p>Die verschiedenen Mikrofonierungsarten <a href=\"https:\/\/software.pianojoe.de\/de\/techniken-der-stereomikrofonierung\/\" data-type=\"page\" data-id=\"206\">AB, XY und ORTF<\/a> habe ich <a href=\"https:\/\/software.pianojoe.de\/de\/techniken-der-stereomikrofonierung\/\" data-type=\"page\" data-id=\"206\">auf einer eigenen Seite<\/a> erl\u00e4utert.<\/p>\n\n\n\n<div class=\"wp-block-image iphone\"><figure class=\"aligncenter size-large is-resized\"><img loading=\"lazy\" decoding=\"async\" src=\"https:\/\/software.pianojoe.de\/de\/wp-content\/uploads\/sites\/4\/2022\/01\/StereoMic16Screenshot2_1080x2340-1024x473.jpg\" alt=\"\" class=\"wp-image-189\" width=\"512\" height=\"237\" srcset=\"https:\/\/software.pianojoe.de\/de\/wp-content\/uploads\/sites\/4\/2022\/01\/StereoMic16Screenshot2_1080x2340-1024x473.jpg 1024w, https:\/\/software.pianojoe.de\/de\/wp-content\/uploads\/sites\/4\/2022\/01\/StereoMic16Screenshot2_1080x2340-300x138.jpg 300w, https:\/\/software.pianojoe.de\/de\/wp-content\/uploads\/sites\/4\/2022\/01\/StereoMic16Screenshot2_1080x2340-768x354.jpg 768w, https:\/\/software.pianojoe.de\/de\/wp-content\/uploads\/sites\/4\/2022\/01\/StereoMic16Screenshot2_1080x2340-1536x709.jpg 1536w, https:\/\/software.pianojoe.de\/de\/wp-content\/uploads\/sites\/4\/2022\/01\/StereoMic16Screenshot2_1080x2340-2048x945.jpg 2048w\" sizes=\"auto, (max-width: 512px) 100vw, 512px\" \/><\/figure><\/div>\n\n\n\n<h2 class=\"wp-block-heading\" id=\"erklarung-zum-datenschutz\">Erkl\u00e4rung zum Datenschutz<\/h2>\n\n\n\n<p>Diese App erfasst keine Daten.<\/p>\n\n\n\n<h2 class=\"wp-block-heading\" id=\"versionsgeschichte\">Versionsgeschichte<\/h2>\n\n\n\n<figure id=\"auflage\" class=\"wp-block-table\"><table><tbody><tr><td class=\"has-text-align-right\" data-align=\"right\">24.05.11<\/td><td class=\"has-text-align-left\" data-align=\"left\">v1.0<\/td><td>Erstver\u00f6ffentlichung<\/td><\/tr><tr><td class=\"has-text-align-right\" data-align=\"right\">2.06.11<\/td><td class=\"has-text-align-left\" data-align=\"left\">v1.01<\/td><td>Detailverbesserungen an der Bedienungsanleitung.<\/td><\/tr><tr><td class=\"has-text-align-right\" data-align=\"right\">4.10.13<\/td><td class=\"has-text-align-left\" data-align=\"left\">v1.5<\/td><td>\u00dcberarbeitetes, verschlanktes Erscheinungsbild. Anpassung an iOS&nbsp;7 und Ger\u00e4te mit 4&#8243;-Bildschirm und Retina-Display.<\/td><\/tr><tr><td class=\"has-text-align-right\" data-align=\"right\">10.10.13<\/td><td class=\"has-text-align-left\" data-align=\"left\">v1.5.1<\/td><td>Detailverbesserungen an der Skizze.<\/td><\/tr><tr><td class=\"has-text-align-right\" data-align=\"right\">31.1.22<\/td><td class=\"has-text-align-left\" data-align=\"left\">v1.6<\/td><td>Kompaktere Oberfl\u00e4che. Die Skizze ist jetzt gleichzeitig mit den Einstellungen sichtbar und aktualisiert in Echtzeit. PDF-Export. Anpassung an iOS 15. Kompatibel mit iPad.<\/td><\/tr><tr><td class=\"has-text-align-right\" data-align=\"right\">1.2.22<\/td><td class=\"has-text-align-left\" data-align=\"left\">v1.6.1<\/td><td>Detailverbesserungen.<\/td><\/tr><\/tbody><\/table><\/figure>\n","protected":false},"excerpt":{"rendered":"<p>Version 1.6 erh\u00e4ltlich f\u00fcr iPhone and iPad (iOS 15.2 oder neuer) Zusammenfassung Der Stereo Mic Positionsrechner ist ein Tool f\u00fcr Tonaufnahmen. Es berechnet Position und Winkel f\u00fcr Stereo-Mikrofonsysteme nach dem&nbsp;AB-, XY&#8211; und ORTF-Verfahren. Beschreibung Um bei Stereo-Aufnahmen ein Ensemble in seiner vollen R\u00e4umlichkeit einzufangen, muss der Aufnahmewinkel des Mikrofonsystems dem \u201eSichtwinkel des Dirigenten\u201c entsprechen. Der &#8230; <a title=\"Stereo Mic Positionsrechner \u2014 Bedienungsanleitung\" class=\"read-more\" href=\"https:\/\/software.pianojoe.de\/de\/stereomicposition-the-manual\/\" aria-label=\"Mehr Informationen \u00fcber Stereo Mic Positionsrechner \u2014 Bedienungsanleitung\">Weiterlesen<\/a><\/p>\n","protected":false},"author":1,"featured_media":0,"parent":0,"menu_order":0,"comment_status":"closed","ping_status":"closed","template":"","meta":{"footnotes":""},"class_list":["post-128","page","type-page","status-publish"],"_links":{"self":[{"href":"https:\/\/software.pianojoe.de\/de\/wp-json\/wp\/v2\/pages\/128","targetHints":{"allow":["GET"]}}],"collection":[{"href":"https:\/\/software.pianojoe.de\/de\/wp-json\/wp\/v2\/pages"}],"about":[{"href":"https:\/\/software.pianojoe.de\/de\/wp-json\/wp\/v2\/types\/page"}],"author":[{"embeddable":true,"href":"https:\/\/software.pianojoe.de\/de\/wp-json\/wp\/v2\/users\/1"}],"replies":[{"embeddable":true,"href":"https:\/\/software.pianojoe.de\/de\/wp-json\/wp\/v2\/comments?post=128"}],"version-history":[{"count":32,"href":"https:\/\/software.pianojoe.de\/de\/wp-json\/wp\/v2\/pages\/128\/revisions"}],"predecessor-version":[{"id":273,"href":"https:\/\/software.pianojoe.de\/de\/wp-json\/wp\/v2\/pages\/128\/revisions\/273"}],"wp:attachment":[{"href":"https:\/\/software.pianojoe.de\/de\/wp-json\/wp\/v2\/media?parent=128"}],"curies":[{"name":"wp","href":"https:\/\/api.w.org\/{rel}","templated":true}]}}